

{"id":970,"date":"2023-07-17T10:13:26","date_gmt":"2023-07-17T10:13:26","guid":{"rendered":"https:\/\/srebrnedrzewo.pl\/?page_id=970"},"modified":"2023-09-07T12:40:19","modified_gmt":"2023-09-07T12:40:19","slug":"%d0%bc%d0%b0%d0%b3%d0%b0%d0%b7%d0%b8%d0%bd","status":"publish","type":"page","link":"https:\/\/srebrnedrzewo.pl\/ru\/%d0%bc%d0%b0%d0%b3%d0%b0%d0%b7%d0%b8%d0%bd\/","title":{"rendered":"\u041c\u0430\u0433\u0430\u0437\u0438\u043d"},"content":{"rendered":"","protected":false},"excerpt":{"rendered":"","protected":false},"author":1,"featured_media":0,"parent":0,"menu_order":0,"comment_status":"closed","ping_status":"closed","template":"","meta":{"_acf_changed":false,"inline_featured_image":false,"footnotes":""},"class_list":["post-970","page","type-page","status-publish","hentry"],"acf":[],"yoast_head":"<!-- This site is optimized with the Yoast SEO plugin v26.1.1 - https:\/\/yoast.com\/wordpress\/plugins\/seo\/ -->\n<title>\u041c\u0430\u0433\u0430\u0437\u0438\u043d - srebrnedrzewo.pl<\/title>\n<meta name=\"robots\" content=\"noindex, nofollow\" \/>\n<meta property=\"og:locale\" content=\"ru_RU\" \/>\n<meta property=\"og:type\" content=\"article\" \/>\n<meta property=\"og:title\" content=\"\u041c\u0430\u0433\u0430\u0437\u0438\u043d - srebrnedrzewo.pl\" \/>\n<meta property=\"og:url\" content=\"https:\/\/srebrnedrzewo.pl\/ru\/\u043c\u0430\u0433\u0430\u0437\u0438\u043d\/\" \/>\n<meta property=\"og:site_name\" content=\"srebrnedrzewo.pl\" \/>\n<meta property=\"article:modified_time\" content=\"2023-09-07T12:40:19+00:00\" \/>\n<meta name=\"twitter:card\" content=\"summary_large_image\" \/>\n<script type=\"application\/ld+json\" class=\"yoast-schema-graph\">{\"@context\":\"https:\/\/schema.org\",\"@graph\":[{\"@type\":\"WebPage\",\"@id\":\"https:\/\/srebrnedrzewo.pl\/ru\/%d0%bc%d0%b0%d0%b3%d0%b0%d0%b7%d0%b8%d0%bd\/\",\"url\":\"https:\/\/srebrnedrzewo.pl\/ru\/%d0%bc%d0%b0%d0%b3%d0%b0%d0%b7%d0%b8%d0%bd\/\",\"name\":\"\u041c\u0430\u0433\u0430\u0437\u0438\u043d - srebrnedrzewo.pl\",\"isPartOf\":{\"@id\":\"https:\/\/srebrnedrzewo.pl\/#website\"},\"datePublished\":\"2023-07-17T10:13:26+00:00\",\"dateModified\":\"2023-09-07T12:40:19+00:00\",\"breadcrumb\":{\"@id\":\"https:\/\/srebrnedrzewo.pl\/ru\/%d0%bc%d0%b0%d0%b3%d0%b0%d0%b7%d0%b8%d0%bd\/#breadcrumb\"},\"inLanguage\":\"ru-RU\",\"potentialAction\":[{\"@type\":\"ReadAction\",\"target\":[\"https:\/\/srebrnedrzewo.pl\/ru\/%d0%bc%d0%b0%d0%b3%d0%b0%d0%b7%d0%b8%d0%bd\/\"]}]},{\"@type\":\"BreadcrumbList\",\"@id\":\"https:\/\/srebrnedrzewo.pl\/ru\/%d0%bc%d0%b0%d0%b3%d0%b0%d0%b7%d0%b8%d0%bd\/#breadcrumb\",\"itemListElement\":[{\"@type\":\"ListItem\",\"position\":1,\"name\":\"Home\",\"item\":\"https:\/\/srebrnedrzewo.pl\/ru\/srebrnedrzewo\/\"},{\"@type\":\"ListItem\",\"position\":2,\"name\":\"\u041c\u0430\u0433\u0430\u0437\u0438\u043d\"}]},{\"@type\":\"WebSite\",\"@id\":\"https:\/\/srebrnedrzewo.pl\/#website\",\"url\":\"https:\/\/srebrnedrzewo.pl\/\",\"name\":\"srebrnedrzewo.pl\",\"description\":\"Jaukiausioms 2023m. \u0161vent\u0117ms si\u016blome \u012fsigyti Premium kokyb\u0117s K\u0117n\u012f\u2611\ufe0farba gyv\u0105 lietuvi\u0161k\u0105 eglut\u0119\u2611\ufe0finternetu i\u0161\u23e9srebrnedrzewo.pl. Pristatysime ir i\u0161ve\u0161ime NEMOKAMAI pas mus pirktas eglutes. Mes parduodame tik tikras Kal\u0117dines egles u\u017eaugintas ir nukirstas \u016bkiuose!\",\"potentialAction\":[{\"@type\":\"SearchAction\",\"target\":{\"@type\":\"EntryPoint\",\"urlTemplate\":\"https:\/\/srebrnedrzewo.pl\/?s={search_term_string}\"},\"query-input\":{\"@type\":\"PropertyValueSpecification\",\"valueRequired\":true,\"valueName\":\"search_term_string\"}}],\"inLanguage\":\"ru-RU\"}]}<\/script>\n<!-- \/ Yoast SEO plugin. -->","yoast_head_json":{"title":"\u041c\u0430\u0433\u0430\u0437\u0438\u043d - srebrnedrzewo.pl","robots":{"index":"noindex","follow":"nofollow"},"og_locale":"ru_RU","og_type":"article","og_title":"\u041c\u0430\u0433\u0430\u0437\u0438\u043d - srebrnedrzewo.pl","og_url":"https:\/\/srebrnedrzewo.pl\/ru\/\u043c\u0430\u0433\u0430\u0437\u0438\u043d\/","og_site_name":"srebrnedrzewo.pl","article_modified_time":"2023-09-07T12:40:19+00:00","twitter_card":"summary_large_image","schema":{"@context":"https:\/\/schema.org","@graph":[{"@type":"WebPage","@id":"https:\/\/srebrnedrzewo.pl\/ru\/%d0%bc%d0%b0%d0%b3%d0%b0%d0%b7%d0%b8%d0%bd\/","url":"https:\/\/srebrnedrzewo.pl\/ru\/%d0%bc%d0%b0%d0%b3%d0%b0%d0%b7%d0%b8%d0%bd\/","name":"\u041c\u0430\u0433\u0430\u0437\u0438\u043d - srebrnedrzewo.pl","isPartOf":{"@id":"https:\/\/srebrnedrzewo.pl\/#website"},"datePublished":"2023-07-17T10:13:26+00:00","dateModified":"2023-09-07T12:40:19+00:00","breadcrumb":{"@id":"https:\/\/srebrnedrzewo.pl\/ru\/%d0%bc%d0%b0%d0%b3%d0%b0%d0%b7%d0%b8%d0%bd\/#breadcrumb"},"inLanguage":"ru-RU","potentialAction":[{"@type":"ReadAction","target":["https:\/\/srebrnedrzewo.pl\/ru\/%d0%bc%d0%b0%d0%b3%d0%b0%d0%b7%d0%b8%d0%bd\/"]}]},{"@type":"BreadcrumbList","@id":"https:\/\/srebrnedrzewo.pl\/ru\/%d0%bc%d0%b0%d0%b3%d0%b0%d0%b7%d0%b8%d0%bd\/#breadcrumb","itemListElement":[{"@type":"ListItem","position":1,"name":"Home","item":"https:\/\/srebrnedrzewo.pl\/ru\/srebrnedrzewo\/"},{"@type":"ListItem","position":2,"name":"\u041c\u0430\u0433\u0430\u0437\u0438\u043d"}]},{"@type":"WebSite","@id":"https:\/\/srebrnedrzewo.pl\/#website","url":"https:\/\/srebrnedrzewo.pl\/","name":"srebrnedrzewo.pl","description":"Jaukiausioms 2023m. \u0161vent\u0117ms si\u016blome \u012fsigyti Premium kokyb\u0117s K\u0117n\u012f\u2611\ufe0farba gyv\u0105 lietuvi\u0161k\u0105 eglut\u0119\u2611\ufe0finternetu i\u0161\u23e9srebrnedrzewo.pl. Pristatysime ir i\u0161ve\u0161ime NEMOKAMAI pas mus pirktas eglutes. Mes parduodame tik tikras Kal\u0117dines egles u\u017eaugintas ir nukirstas \u016bkiuose!","potentialAction":[{"@type":"SearchAction","target":{"@type":"EntryPoint","urlTemplate":"https:\/\/srebrnedrzewo.pl\/?s={search_term_string}"},"query-input":{"@type":"PropertyValueSpecification","valueRequired":true,"valueName":"search_term_string"}}],"inLanguage":"ru-RU"}]}},"_links":{"self":[{"href":"https:\/\/srebrnedrzewo.pl\/ru\/wp-json\/wp\/v2\/pages\/970","targetHints":{"allow":["GET"]}}],"collection":[{"href":"https:\/\/srebrnedrzewo.pl\/ru\/wp-json\/wp\/v2\/pages"}],"about":[{"href":"https:\/\/srebrnedrzewo.pl\/ru\/wp-json\/wp\/v2\/types\/page"}],"author":[{"embeddable":true,"href":"https:\/\/srebrnedrzewo.pl\/ru\/wp-json\/wp\/v2\/users\/1"}],"replies":[{"embeddable":true,"href":"https:\/\/srebrnedrzewo.pl\/ru\/wp-json\/wp\/v2\/comments?post=970"}],"version-history":[{"count":1,"href":"https:\/\/srebrnedrzewo.pl\/ru\/wp-json\/wp\/v2\/pages\/970\/revisions"}],"predecessor-version":[{"id":971,"href":"https:\/\/srebrnedrzewo.pl\/ru\/wp-json\/wp\/v2\/pages\/970\/revisions\/971"}],"wp:attachment":[{"href":"https:\/\/srebrnedrzewo.pl\/ru\/wp-json\/wp\/v2\/media?parent=970"}],"curies":[{"name":"wp","href":"https:\/\/api.w.org\/{rel}","templated":true}]}}