

{"id":1263,"date":"2023-08-09T12:07:50","date_gmt":"2023-08-09T12:07:50","guid":{"rendered":"https:\/\/srebrnedrzewo.pl\/produktas\/lietuviska-eglute-160-180cm\/"},"modified":"2025-10-11T16:37:27","modified_gmt":"2025-10-11T16:37:27","slug":"polish-spruce-160-180cm","status":"publish","type":"product","link":"https:\/\/srebrnedrzewo.pl\/en\/product\/polish-spruce-160-180cm\/","title":{"rendered":"Polish Spruce"},"content":{"rendered":"<p>The most popular traditional evergreen Christmas tree, perfect for those who cherish long-standing family traditions and the cozy scent of the forest.<\/p>\n<p>This tree is grown in Poland and has well-shaped branches with a dense, wide canopy. The Polish Christmas tree is more prone to needle shedding than the Polish Fir. Due to the fine structure of its branches, the needles tend to drop, but for some, this is an integral part of the true Christmas atmosphere.<\/p>\n<p>We do not recommend keeping Polish Christmas trees in a very warm environment. In such cases, we suggest opting for a more heat-resistant plant \u2013 the SrebrneDrzewo Polish Fir.<\/p>\n<p>Please note that the rich scent of a Polish forest can easily enchant you and transport you back to a nostalgic childhood, that vibrant Christmas winter we all deeply miss.<\/p>\n","protected":false},"excerpt":{"rendered":"<p><strong>Polish spruce (Latin: Picea abies)<\/strong><\/p>\n","protected":false},"featured_media":4142,"template":"","meta":{"_acf_changed":false,"inline_featured_image":false},"product_brand":[],"product_cat":[15],"product_tag":[],"class_list":{"0":"post-1263","1":"product","2":"type-product","3":"status-publish","4":"has-post-thumbnail","6":"product_cat-eglutes","8":"first","9":"outofstock","10":"taxable","11":"shipping-taxable","12":"purchasable","13":"product-type-simple"},"acf":[],"yoast_head":"<!-- This site is optimized with the Yoast SEO plugin v26.1.1 - https:\/\/yoast.com\/wordpress\/plugins\/seo\/ -->\n<title>Polish Spruce 160-180cm - Silvertree<\/title>\n<meta name=\"robots\" content=\"noindex, nofollow\" \/>\n<meta property=\"og:locale\" content=\"en_US\" \/>\n<meta property=\"og:type\" content=\"article\" \/>\n<meta property=\"og:title\" content=\"Polish Spruce 160-180cm - Silvertree\" \/>\n<meta property=\"og:description\" content=\"Polish spruce (Latin: Picea abies)\" \/>\n<meta property=\"og:url\" content=\"https:\/\/srebrnedrzewo.pl\/en\/product\/polish-spruce-160-180cm\/\" \/>\n<meta property=\"og:site_name\" content=\"srebrnedrzewo.pl\" \/>\n<meta property=\"article:modified_time\" content=\"2025-10-11T16:37:27+00:00\" \/>\n<meta property=\"og:image\" content=\"https:\/\/srebrnedrzewo.pl\/wp-content\/uploads\/sites\/7\/2023\/08\/150lt.png\" \/>\n\t<meta property=\"og:image:width\" content=\"829\" \/>\n\t<meta property=\"og:image:height\" content=\"1000\" \/>\n\t<meta property=\"og:image:type\" content=\"image\/png\" \/>\n<meta name=\"twitter:card\" content=\"summary_large_image\" \/>\n<meta name=\"twitter:label1\" content=\"Est. reading time\" \/>\n\t<meta name=\"twitter:data1\" content=\"1 minute\" \/>\n<script type=\"application\/ld+json\" class=\"yoast-schema-graph\">{\"@context\":\"https:\/\/schema.org\",\"@graph\":[{\"@type\":\"WebPage\",\"@id\":\"https:\/\/srebrnedrzewo.pl\/en\/product\/polish-spruce-160-180cm\/\",\"url\":\"https:\/\/srebrnedrzewo.pl\/en\/product\/polish-spruce-160-180cm\/\",\"name\":\"Polish Spruce 160-180cm - Silvertree\",\"isPartOf\":{\"@id\":\"https:\/\/srebrnedrzewo.pl\/#website\"},\"primaryImageOfPage\":{\"@id\":\"https:\/\/srebrnedrzewo.pl\/en\/product\/polish-spruce-160-180cm\/#primaryimage\"},\"image\":{\"@id\":\"https:\/\/srebrnedrzewo.pl\/en\/product\/polish-spruce-160-180cm\/#primaryimage\"},\"thumbnailUrl\":\"https:\/\/srebrnedrzewo.pl\/wp-content\/uploads\/sites\/7\/2023\/08\/370233622_339585132168783_3926636047704783341_n.jpg\",\"datePublished\":\"2023-08-09T12:07:50+00:00\",\"dateModified\":\"2025-10-11T16:37:27+00:00\",\"breadcrumb\":{\"@id\":\"https:\/\/srebrnedrzewo.pl\/en\/product\/polish-spruce-160-180cm\/#breadcrumb\"},\"inLanguage\":\"en-US\",\"potentialAction\":[{\"@type\":\"ReadAction\",\"target\":[\"https:\/\/srebrnedrzewo.pl\/en\/product\/polish-spruce-160-180cm\/\"]}]},{\"@type\":\"ImageObject\",\"inLanguage\":\"en-US\",\"@id\":\"https:\/\/srebrnedrzewo.pl\/en\/product\/polish-spruce-160-180cm\/#primaryimage\",\"url\":\"https:\/\/srebrnedrzewo.pl\/wp-content\/uploads\/sites\/7\/2023\/08\/370233622_339585132168783_3926636047704783341_n.jpg\",\"contentUrl\":\"https:\/\/srebrnedrzewo.pl\/wp-content\/uploads\/sites\/7\/2023\/08\/370233622_339585132168783_3926636047704783341_n.jpg\",\"width\":504,\"height\":800},{\"@type\":\"BreadcrumbList\",\"@id\":\"https:\/\/srebrnedrzewo.pl\/en\/product\/polish-spruce-160-180cm\/#breadcrumb\",\"itemListElement\":[{\"@type\":\"ListItem\",\"position\":1,\"name\":\"Home\",\"item\":\"https:\/\/srebrnedrzewo.pl\/en\/silvertree\/\"},{\"@type\":\"ListItem\",\"position\":2,\"name\":\"Shop\",\"item\":\"https:\/\/srebrnedrzewo.pl\/en\/shop\/\"},{\"@type\":\"ListItem\",\"position\":3,\"name\":\"Polish Spruce\"}]},{\"@type\":\"WebSite\",\"@id\":\"https:\/\/srebrnedrzewo.pl\/#website\",\"url\":\"https:\/\/srebrnedrzewo.pl\/\",\"name\":\"srebrnedrzewo.pl\",\"description\":\"Jaukiausioms 2023m. \u0161vent\u0117ms si\u016blome \u012fsigyti Premium kokyb\u0117s K\u0117n\u012f\u2611\ufe0farba gyv\u0105 lietuvi\u0161k\u0105 eglut\u0119\u2611\ufe0finternetu i\u0161\u23e9srebrnedrzewo.pl. Pristatysime ir i\u0161ve\u0161ime NEMOKAMAI pas mus pirktas eglutes. Mes parduodame tik tikras Kal\u0117dines egles u\u017eaugintas ir nukirstas \u016bkiuose!\",\"potentialAction\":[{\"@type\":\"SearchAction\",\"target\":{\"@type\":\"EntryPoint\",\"urlTemplate\":\"https:\/\/srebrnedrzewo.pl\/?s={search_term_string}\"},\"query-input\":{\"@type\":\"PropertyValueSpecification\",\"valueRequired\":true,\"valueName\":\"search_term_string\"}}],\"inLanguage\":\"en-US\"}]}<\/script>\n<!-- \/ Yoast SEO plugin. -->","yoast_head_json":{"title":"Polish Spruce 160-180cm - Silvertree","robots":{"index":"noindex","follow":"nofollow"},"og_locale":"en_US","og_type":"article","og_title":"Polish Spruce 160-180cm - Silvertree","og_description":"Polish spruce (Latin: Picea abies)","og_url":"https:\/\/srebrnedrzewo.pl\/en\/product\/polish-spruce-160-180cm\/","og_site_name":"srebrnedrzewo.pl","article_modified_time":"2025-10-11T16:37:27+00:00","og_image":[{"width":829,"height":1000,"url":"https:\/\/srebrnedrzewo.pl\/wp-content\/uploads\/sites\/7\/2023\/08\/150lt.png","type":"image\/png"}],"twitter_card":"summary_large_image","twitter_misc":{"Est. reading time":"1 minute"},"schema":{"@context":"https:\/\/schema.org","@graph":[{"@type":"WebPage","@id":"https:\/\/srebrnedrzewo.pl\/en\/product\/polish-spruce-160-180cm\/","url":"https:\/\/srebrnedrzewo.pl\/en\/product\/polish-spruce-160-180cm\/","name":"Polish Spruce 160-180cm - Silvertree","isPartOf":{"@id":"https:\/\/srebrnedrzewo.pl\/#website"},"primaryImageOfPage":{"@id":"https:\/\/srebrnedrzewo.pl\/en\/product\/polish-spruce-160-180cm\/#primaryimage"},"image":{"@id":"https:\/\/srebrnedrzewo.pl\/en\/product\/polish-spruce-160-180cm\/#primaryimage"},"thumbnailUrl":"https:\/\/srebrnedrzewo.pl\/wp-content\/uploads\/sites\/7\/2023\/08\/370233622_339585132168783_3926636047704783341_n.jpg","datePublished":"2023-08-09T12:07:50+00:00","dateModified":"2025-10-11T16:37:27+00:00","breadcrumb":{"@id":"https:\/\/srebrnedrzewo.pl\/en\/product\/polish-spruce-160-180cm\/#breadcrumb"},"inLanguage":"en-US","potentialAction":[{"@type":"ReadAction","target":["https:\/\/srebrnedrzewo.pl\/en\/product\/polish-spruce-160-180cm\/"]}]},{"@type":"ImageObject","inLanguage":"en-US","@id":"https:\/\/srebrnedrzewo.pl\/en\/product\/polish-spruce-160-180cm\/#primaryimage","url":"https:\/\/srebrnedrzewo.pl\/wp-content\/uploads\/sites\/7\/2023\/08\/370233622_339585132168783_3926636047704783341_n.jpg","contentUrl":"https:\/\/srebrnedrzewo.pl\/wp-content\/uploads\/sites\/7\/2023\/08\/370233622_339585132168783_3926636047704783341_n.jpg","width":504,"height":800},{"@type":"BreadcrumbList","@id":"https:\/\/srebrnedrzewo.pl\/en\/product\/polish-spruce-160-180cm\/#breadcrumb","itemListElement":[{"@type":"ListItem","position":1,"name":"Home","item":"https:\/\/srebrnedrzewo.pl\/en\/silvertree\/"},{"@type":"ListItem","position":2,"name":"Shop","item":"https:\/\/srebrnedrzewo.pl\/en\/shop\/"},{"@type":"ListItem","position":3,"name":"Polish Spruce"}]},{"@type":"WebSite","@id":"https:\/\/srebrnedrzewo.pl\/#website","url":"https:\/\/srebrnedrzewo.pl\/","name":"srebrnedrzewo.pl","description":"Jaukiausioms 2023m. \u0161vent\u0117ms si\u016blome \u012fsigyti Premium kokyb\u0117s K\u0117n\u012f\u2611\ufe0farba gyv\u0105 lietuvi\u0161k\u0105 eglut\u0119\u2611\ufe0finternetu i\u0161\u23e9srebrnedrzewo.pl. Pristatysime ir i\u0161ve\u0161ime NEMOKAMAI pas mus pirktas eglutes. Mes parduodame tik tikras Kal\u0117dines egles u\u017eaugintas ir nukirstas \u016bkiuose!","potentialAction":[{"@type":"SearchAction","target":{"@type":"EntryPoint","urlTemplate":"https:\/\/srebrnedrzewo.pl\/?s={search_term_string}"},"query-input":{"@type":"PropertyValueSpecification","valueRequired":true,"valueName":"search_term_string"}}],"inLanguage":"en-US"}]}},"_links":{"self":[{"href":"https:\/\/srebrnedrzewo.pl\/en\/wp-json\/wp\/v2\/product\/1263","targetHints":{"allow":["GET"]}}],"collection":[{"href":"https:\/\/srebrnedrzewo.pl\/en\/wp-json\/wp\/v2\/product"}],"about":[{"href":"https:\/\/srebrnedrzewo.pl\/en\/wp-json\/wp\/v2\/types\/product"}],"wp:featuredmedia":[{"embeddable":true,"href":"https:\/\/srebrnedrzewo.pl\/en\/wp-json\/wp\/v2\/media\/4142"}],"wp:attachment":[{"href":"https:\/\/srebrnedrzewo.pl\/en\/wp-json\/wp\/v2\/media?parent=1263"}],"wp:term":[{"taxonomy":"product_brand","embeddable":true,"href":"https:\/\/srebrnedrzewo.pl\/en\/wp-json\/wp\/v2\/product_brand?post=1263"},{"taxonomy":"product_cat","embeddable":true,"href":"https:\/\/srebrnedrzewo.pl\/en\/wp-json\/wp\/v2\/product_cat?post=1263"},{"taxonomy":"product_tag","embeddable":true,"href":"https:\/\/srebrnedrzewo.pl\/en\/wp-json\/wp\/v2\/product_tag?post=1263"}],"curies":[{"name":"wp","href":"https:\/\/api.w.org\/{rel}","templated":true}]}}