

{"id":1877,"date":"2023-08-07T17:52:01","date_gmt":"2023-08-07T17:52:01","guid":{"rendered":"https:\/\/srebrnedrzewo.pl\/?page_id=1877"},"modified":"2025-10-11T16:14:18","modified_gmt":"2025-10-11T16:14:18","slug":"about-silvertree","status":"publish","type":"page","link":"https:\/\/srebrnedrzewo.pl\/en\/about-silvertree\/","title":{"rendered":"About Silvertree"},"content":{"rendered":"\r\n\r\n<section id=\"home-two-column-items-block_f7dc4ae2ea76e0fef205392c9dfec513\" class=\"home-two-column-items \">\r\n    <div class=\"container\">\r\n        <div class=\"home-two-column-wrapper\">\r\n            <div class=\"home-two-column-header\">\r\n\r\n                                    <h2 class=\"sectionheading\">About us<\/h2>\r\n                                            <\/div>\r\n            <div class=\"home-two-column-content\">\r\n                                    <div class=\"home-two-column-item home-two-column-item-0\">\r\n                        <div class=\"home-two-column-image\">\r\n                                                    <\/div>\r\n                        <div class=\"home-two-column-content\">\r\n                                                            <h3>Why we started<\/h3>\r\n                                                                                        <p>Probably each of us has had to face difficulties when bringing a Christmas tree home. Starting with the search for a beautiful tree, fitting it into the car, and carrying it up the stairs &#8211; it can be quite a challenge. And not to mention the task of taking the tree out after the holidays. You need to know where to take it, because you can&#8217;t just leave the tree by the household waste container or anywhere in the front yard.<\/p>\r\n                            \r\n                                                    <\/div>\r\n                    <\/div>\r\n                                    <div class=\"home-two-column-item home-two-column-item-1\">\r\n                        <div class=\"home-two-column-image\">\r\n                                                    <\/div>\r\n                        <div class=\"home-two-column-content\">\r\n                                                            <h3>Our mission<\/h3>\r\n                                                                                        <p>To make the purchase of a Christmas tree easier, so that your biggest puzzle is related to its decoration. We deliver PREMIUM class Christmas trees to the locations chosen by you free of charge at the desired time, and after the holidays, we take them for recycling or replanting.<\/p>\r\n                            \r\n                                                    <\/div>\r\n                    <\/div>\r\n                                    <div class=\"home-two-column-item home-two-column-item-2\">\r\n                        <div class=\"home-two-column-image\">\r\n                                                    <\/div>\r\n                        <div class=\"home-two-column-content\">\r\n                                                            <h3>We are an ambitious team<\/h3>\r\n                                                                                        <p>Where each and every customer is the most important. For seven years now, we have been working to reduce Christmas worries, meet your needs and family values, provide all quality guarantees, and spread true Christmas joy.<\/p>\r\n                            \r\n                                                    <\/div>\r\n                    <\/div>\r\n                            <\/div>\r\n\r\n        <\/div>\r\n    <\/div>\r\n\r\n\r\n\r\n\r\n<\/section>\r\n\r\n","protected":false},"excerpt":{"rendered":"","protected":false},"author":1,"featured_media":0,"parent":0,"menu_order":0,"comment_status":"closed","ping_status":"closed","template":"","meta":{"_acf_changed":false,"inline_featured_image":false,"footnotes":""},"class_list":["post-1877","page","type-page","status-publish","hentry"],"acf":[],"yoast_head":"<!-- This site is optimized with the Yoast SEO plugin v26.1.1 - https:\/\/yoast.com\/wordpress\/plugins\/seo\/ -->\n<title>About Silvertree - srebrnedrzewo.pl<\/title>\n<meta name=\"robots\" content=\"noindex, nofollow\" \/>\n<meta property=\"og:locale\" content=\"en_US\" \/>\n<meta property=\"og:type\" content=\"article\" \/>\n<meta property=\"og:title\" content=\"About Silvertree - srebrnedrzewo.pl\" \/>\n<meta property=\"og:url\" content=\"https:\/\/srebrnedrzewo.pl\/en\/about-silvertree\/\" \/>\n<meta property=\"og:site_name\" content=\"srebrnedrzewo.pl\" \/>\n<meta property=\"article:modified_time\" content=\"2025-10-11T16:14:18+00:00\" \/>\n<meta name=\"twitter:card\" content=\"summary_large_image\" \/>\n<script type=\"application\/ld+json\" class=\"yoast-schema-graph\">{\"@context\":\"https:\/\/schema.org\",\"@graph\":[{\"@type\":\"WebPage\",\"@id\":\"https:\/\/srebrnedrzewo.pl\/en\/about-silvertree\/\",\"url\":\"https:\/\/srebrnedrzewo.pl\/en\/about-silvertree\/\",\"name\":\"About Silvertree - srebrnedrzewo.pl\",\"isPartOf\":{\"@id\":\"https:\/\/srebrnedrzewo.pl\/#website\"},\"datePublished\":\"2023-08-07T17:52:01+00:00\",\"dateModified\":\"2025-10-11T16:14:18+00:00\",\"breadcrumb\":{\"@id\":\"https:\/\/srebrnedrzewo.pl\/en\/about-silvertree\/#breadcrumb\"},\"inLanguage\":\"en-US\",\"potentialAction\":[{\"@type\":\"ReadAction\",\"target\":[\"https:\/\/srebrnedrzewo.pl\/en\/about-silvertree\/\"]}]},{\"@type\":\"BreadcrumbList\",\"@id\":\"https:\/\/srebrnedrzewo.pl\/en\/about-silvertree\/#breadcrumb\",\"itemListElement\":[{\"@type\":\"ListItem\",\"position\":1,\"name\":\"Home\",\"item\":\"https:\/\/srebrnedrzewo.pl\/en\/silvertree\/\"},{\"@type\":\"ListItem\",\"position\":2,\"name\":\"About Silvertree\"}]},{\"@type\":\"WebSite\",\"@id\":\"https:\/\/srebrnedrzewo.pl\/#website\",\"url\":\"https:\/\/srebrnedrzewo.pl\/\",\"name\":\"srebrnedrzewo.pl\",\"description\":\"Jaukiausioms 2023m. \u0161vent\u0117ms si\u016blome \u012fsigyti Premium kokyb\u0117s K\u0117n\u012f\u2611\ufe0farba gyv\u0105 lietuvi\u0161k\u0105 eglut\u0119\u2611\ufe0finternetu i\u0161\u23e9srebrnedrzewo.pl. Pristatysime ir i\u0161ve\u0161ime NEMOKAMAI pas mus pirktas eglutes. Mes parduodame tik tikras Kal\u0117dines egles u\u017eaugintas ir nukirstas \u016bkiuose!\",\"potentialAction\":[{\"@type\":\"SearchAction\",\"target\":{\"@type\":\"EntryPoint\",\"urlTemplate\":\"https:\/\/srebrnedrzewo.pl\/?s={search_term_string}\"},\"query-input\":{\"@type\":\"PropertyValueSpecification\",\"valueRequired\":true,\"valueName\":\"search_term_string\"}}],\"inLanguage\":\"en-US\"}]}<\/script>\n<!-- \/ Yoast SEO plugin. -->","yoast_head_json":{"title":"About Silvertree - srebrnedrzewo.pl","robots":{"index":"noindex","follow":"nofollow"},"og_locale":"en_US","og_type":"article","og_title":"About Silvertree - srebrnedrzewo.pl","og_url":"https:\/\/srebrnedrzewo.pl\/en\/about-silvertree\/","og_site_name":"srebrnedrzewo.pl","article_modified_time":"2025-10-11T16:14:18+00:00","twitter_card":"summary_large_image","schema":{"@context":"https:\/\/schema.org","@graph":[{"@type":"WebPage","@id":"https:\/\/srebrnedrzewo.pl\/en\/about-silvertree\/","url":"https:\/\/srebrnedrzewo.pl\/en\/about-silvertree\/","name":"About Silvertree - srebrnedrzewo.pl","isPartOf":{"@id":"https:\/\/srebrnedrzewo.pl\/#website"},"datePublished":"2023-08-07T17:52:01+00:00","dateModified":"2025-10-11T16:14:18+00:00","breadcrumb":{"@id":"https:\/\/srebrnedrzewo.pl\/en\/about-silvertree\/#breadcrumb"},"inLanguage":"en-US","potentialAction":[{"@type":"ReadAction","target":["https:\/\/srebrnedrzewo.pl\/en\/about-silvertree\/"]}]},{"@type":"BreadcrumbList","@id":"https:\/\/srebrnedrzewo.pl\/en\/about-silvertree\/#breadcrumb","itemListElement":[{"@type":"ListItem","position":1,"name":"Home","item":"https:\/\/srebrnedrzewo.pl\/en\/silvertree\/"},{"@type":"ListItem","position":2,"name":"About Silvertree"}]},{"@type":"WebSite","@id":"https:\/\/srebrnedrzewo.pl\/#website","url":"https:\/\/srebrnedrzewo.pl\/","name":"srebrnedrzewo.pl","description":"Jaukiausioms 2023m. \u0161vent\u0117ms si\u016blome \u012fsigyti Premium kokyb\u0117s K\u0117n\u012f\u2611\ufe0farba gyv\u0105 lietuvi\u0161k\u0105 eglut\u0119\u2611\ufe0finternetu i\u0161\u23e9srebrnedrzewo.pl. Pristatysime ir i\u0161ve\u0161ime NEMOKAMAI pas mus pirktas eglutes. Mes parduodame tik tikras Kal\u0117dines egles u\u017eaugintas ir nukirstas \u016bkiuose!","potentialAction":[{"@type":"SearchAction","target":{"@type":"EntryPoint","urlTemplate":"https:\/\/srebrnedrzewo.pl\/?s={search_term_string}"},"query-input":{"@type":"PropertyValueSpecification","valueRequired":true,"valueName":"search_term_string"}}],"inLanguage":"en-US"}]}},"_links":{"self":[{"href":"https:\/\/srebrnedrzewo.pl\/en\/wp-json\/wp\/v2\/pages\/1877","targetHints":{"allow":["GET"]}}],"collection":[{"href":"https:\/\/srebrnedrzewo.pl\/en\/wp-json\/wp\/v2\/pages"}],"about":[{"href":"https:\/\/srebrnedrzewo.pl\/en\/wp-json\/wp\/v2\/types\/page"}],"author":[{"embeddable":true,"href":"https:\/\/srebrnedrzewo.pl\/en\/wp-json\/wp\/v2\/users\/1"}],"replies":[{"embeddable":true,"href":"https:\/\/srebrnedrzewo.pl\/en\/wp-json\/wp\/v2\/comments?post=1877"}],"version-history":[{"count":2,"href":"https:\/\/srebrnedrzewo.pl\/en\/wp-json\/wp\/v2\/pages\/1877\/revisions"}],"predecessor-version":[{"id":1879,"href":"https:\/\/srebrnedrzewo.pl\/en\/wp-json\/wp\/v2\/pages\/1877\/revisions\/1879"}],"wp:attachment":[{"href":"https:\/\/srebrnedrzewo.pl\/en\/wp-json\/wp\/v2\/media?parent=1877"}],"curies":[{"name":"wp","href":"https:\/\/api.w.org\/{rel}","templated":true}]}}